{"id":7369,"date":"2025-09-26T21:59:38","date_gmt":"2025-09-27T01:59:38","guid":{"rendered":"https:\/\/accessostg.wpenginepowered.com\/patente\/"},"modified":"2026-03-26T15:36:36","modified_gmt":"2026-03-26T19:36:36","slug":"patente","status":"publish","type":"page","link":"https:\/\/accesso.com\/de\/patente\/","title":{"rendered":"Patente"},"content":{"rendered":"<section class=\"spacer -spacer-m\">\n<div class=\"copy-section-intro -left\">\n<h2 class=\"title\">Patente<\/h2>\n<div class=\"intro-block\">\n<p><strong>acces\u00adso Pass\u00adport<\/strong>\u00ae, <strong>Qbot\u00ae<\/strong>, <strong>Qband<\/strong>\u00ae, <strong>Qsmart<\/strong>\u00ae und <strong>The Experience Engine\u2122<\/strong> verlassen sich auf die Tech\u00adnol\u00ado\u00adgie ge-sch\u00fctzt von den fol-genden Patenten in der USA und \u00fcberall:<\/p>\n<\/div>\n<\/div>\n<div class=\"copy-section-intro -left\">\n<div class=\"copy-block text\">\n<table>\n<tbody>\n<tr>\n<td nowrap=\"nowrap\" width=\"170\"><strong>Land<\/strong><\/td>\n<td nowrap=\"nowrap\" width=\"65\"><strong>Registrierungsnr.<\/strong><\/td>\n<\/tr>\n<tr>\n<td width=\"170\">Australien<\/td>\n<td width=\"65\">2015270299<\/td>\n<\/tr>\n<tr>\n<td width=\"170\">China<\/td>\n<td width=\"65\">ZL200980145118.0<\/td>\n<\/tr>\n<tr>\n<td width=\"170\">China<\/td>\n<td width=\"65\">ZL201180029000.9<\/td>\n<\/tr>\n<tr>\n<td width=\"170\">China<\/td>\n<td width=\"65\">ZL201380047906.2<\/td>\n<\/tr>\n<tr>\n<td width=\"170\">China<\/td>\n<td width=\"65\">ZL201580029155.0<\/td>\n<\/tr>\n<tr>\n<td width=\"170\">Frankreich<\/td>\n<td width=\"65\">1769467<\/td>\n<\/tr>\n<tr>\n<td width=\"170\">Frankreich<\/td>\n<td width=\"65\">2070056<\/td>\n<\/tr>\n<tr>\n<td width=\"170\">Frankreich<\/td>\n<td width=\"65\">3111403<\/td>\n<\/tr>\n<tr>\n<td width=\"170\">Frankreich<\/td>\n<td width=\"65\">3289374<\/td>\n<\/tr>\n<tr>\n<td width=\"170\">Deutschland<\/td>\n<td width=\"65\">602005042670.1<\/td>\n<\/tr>\n<tr>\n<td width=\"170\">Deutschland<\/td>\n<td width=\"65\">602007048583.5<\/td>\n<\/tr>\n<tr>\n<td width=\"170\">Deutschland<\/td>\n<td width=\"65\">602015074275.3<\/td>\n<\/tr>\n<tr>\n<td width=\"170\">Deutschland<\/td>\n<td width=\"65\">602016047285.6<\/td>\n<\/tr>\n<tr>\n<td width=\"170\">Hongkong<\/td>\n<td width=\"65\">1163321<\/td>\n<\/tr>\n<tr>\n<td width=\"170\">Japan<\/td>\n<td width=\"65\">5149297<\/td>\n<\/tr>\n<tr>\n<td width=\"170\">Japan<\/td>\n<td width=\"65\">6068522<\/td>\n<\/tr>\n<tr>\n<td width=\"170\">Japan<\/td>\n<td width=\"65\">6726624<\/td>\n<\/tr>\n<tr>\n<td width=\"170\">Malaysia<\/td>\n<td width=\"65\">MY-180149-A<\/td>\n<\/tr>\n<tr>\n<td width=\"170\">Malaysia<\/td>\n<td width=\"65\">MY-191533-A<\/td>\n<\/tr>\n<tr>\n<td width=\"170\">Niederlande<\/td>\n<td width=\"65\">1769467<\/td>\n<\/tr>\n<tr>\n<td width=\"170\">Niederlande<\/td>\n<td width=\"65\">2070056<\/td>\n<\/tr>\n<tr>\n<td width=\"170\">Republik Korea<\/td>\n<td width=\"65\">10-1655316<\/td>\n<\/tr>\n<tr>\n<td width=\"170\">Republik Korea<\/td>\n<td width=\"65\">10-2374624<\/td>\n<\/tr>\n<tr>\n<td width=\"170\">Vereinigtes K\u00f6nigreich<\/td>\n<td width=\"65\">1769467<\/td>\n<\/tr>\n<tr>\n<td width=\"170\">Vereinigtes K\u00f6nigreich<\/td>\n<td width=\"65\">2070056<\/td>\n<\/tr>\n<tr>\n<td width=\"170\">Vereinigtes K\u00f6nigreich<\/td>\n<td width=\"65\">2359345<\/td>\n<\/tr>\n<tr>\n<td width=\"170\">Vereinigtes K\u00f6nigreich<\/td>\n<td width=\"65\">2565317<\/td>\n<\/tr>\n<tr>\n<td width=\"170\">Vereinigtes K\u00f6nigreich<\/td>\n<td width=\"65\">2569759<\/td>\n<\/tr>\n<tr>\n<td width=\"170\">Vereinigtes K\u00f6nigreich<\/td>\n<td width=\"65\">3111403<\/td>\n<\/tr>\n<tr>\n<td width=\"170\">Vereinigtes K\u00f6nigreich<\/td>\n<td width=\"65\">3289374<\/td>\n<\/tr>\n<tr>\n<td width=\"170\">Vereinigte Staaten von Amerika<\/td>\n<td width=\"65\">8239231<\/td>\n<\/tr>\n<tr>\n<td width=\"170\">Vereinigte Staaten von Amerika<\/td>\n<td width=\"65\">8606605<\/td>\n<\/tr>\n<tr>\n<td width=\"170\">Vereinigte Staaten von Amerika<\/td>\n<td width=\"65\">8779889<\/td>\n<\/tr>\n<tr>\n<td width=\"170\">Vereinigte Staaten von Amerika<\/td>\n<td width=\"65\">9448085<\/td>\n<\/tr>\n<tr>\n<td width=\"170\">Vereinigte Staaten von Amerika<\/td>\n<td width=\"65\">9741022<\/td>\n<\/tr>\n<tr>\n<td width=\"170\">Vereinigte Staaten von Amerika<\/td>\n<td width=\"65\">9813855<\/td>\n<\/tr>\n<tr>\n<td width=\"170\">Vereinigte Staaten von Amerika<\/td>\n<td width=\"65\">9829339<\/td>\n<\/tr>\n<tr>\n<td width=\"170\">Vereinigte Staaten von Amerika<\/td>\n<td width=\"65\">9906909<\/td>\n<\/tr>\n<tr>\n<td width=\"170\">Vereinigte Staaten von Amerika<\/td>\n<td width=\"65\">9909896<\/td>\n<\/tr>\n<tr>\n<td width=\"170\">Vereinigte Staaten von Amerika<\/td>\n<td width=\"65\">9985699<\/td>\n<\/tr>\n<tr>\n<td width=\"170\">Vereinigte Staaten von Amerika<\/td>\n<td width=\"65\">10028091<\/td>\n<\/tr>\n<tr>\n<td width=\"170\">Vereinigte Staaten von Amerika<\/td>\n<td width=\"65\">10062234<\/td>\n<\/tr>\n<tr>\n<td width=\"170\">Vereinigte Staaten von Amerika<\/td>\n<td width=\"65\">10127744<\/td>\n<\/tr>\n<tr>\n<td width=\"170\">Vereinigte Staaten von Amerika<\/td>\n<td width=\"65\">10129728<\/td>\n<\/tr>\n<tr>\n<td width=\"170\">Vereinigte Staaten von Amerika<\/td>\n<td width=\"65\">10149103<\/td>\n<\/tr>\n<tr>\n<td width=\"170\">Vereinigte Staaten von Amerika<\/td>\n<td width=\"65\">10198699<\/td>\n<\/tr>\n<tr>\n<td width=\"170\">Vereinigte Staaten von Amerika<\/td>\n<td width=\"65\">10198717<\/td>\n<\/tr>\n<tr>\n<td width=\"170\">Vereinigte Staaten von Amerika<\/td>\n<td width=\"65\">10210542<\/td>\n<\/tr>\n<tr>\n<td width=\"170\">Vereinigte Staaten von Amerika<\/td>\n<td width=\"65\">10262311<\/td>\n<\/tr>\n<tr>\n<td width=\"170\">Vereinigte Staaten von Amerika<\/td>\n<td width=\"65\">10262318<\/td>\n<\/tr>\n<tr>\n<td width=\"170\">Vereinigte Staaten von Amerika<\/td>\n<td width=\"65\">10299070<\/td>\n<\/tr>\n<tr>\n<td width=\"170\">Vereinigte Staaten von Amerika<\/td>\n<td width=\"65\">10348368<\/td>\n<\/tr>\n<tr>\n<td width=\"170\">Vereinigte Staaten von Amerika<\/td>\n<td width=\"65\">10433106<\/td>\n<\/tr>\n<tr>\n<td width=\"170\">Vereinigte Staaten von Amerika<\/td>\n<td width=\"65\">10438141<\/td>\n<\/tr>\n<tr>\n<td width=\"170\">Vereinigte Staaten von Amerika<\/td>\n<td width=\"65\">10580011<\/td>\n<\/tr>\n<tr>\n<td width=\"170\">Vereinigte Staaten von Amerika<\/td>\n<td width=\"65\">10679207<\/td>\n<\/tr>\n<tr>\n<td width=\"170\">Vereinigte Staaten von Amerika<\/td>\n<td width=\"65\">10733544<\/td>\n<\/tr>\n<tr>\n<td width=\"170\">Vereinigte Staaten von Amerika<\/td>\n<td width=\"65\">10937074<\/td>\n<\/tr>\n<tr>\n<td width=\"170\">Vereinigte Staaten von Amerika<\/td>\n<td width=\"65\">10944448<\/td>\n<\/tr>\n<tr>\n<td width=\"170\">Vereinigte Staaten von Amerika<\/td>\n<td width=\"65\">11004058<\/td>\n<\/tr>\n<tr>\n<td width=\"170\">Vereinigte Staaten von Amerika<\/td>\n<td width=\"65\">11030266<\/td>\n<\/tr>\n<tr>\n<td width=\"170\">Vereinigte Staaten von Amerika<\/td>\n<td width=\"65\">11062288<\/td>\n<\/tr>\n<tr>\n<td width=\"170\">Vereinigte Staaten von Amerika<\/td>\n<td width=\"65\">11062375<\/td>\n<\/tr>\n<tr>\n<td width=\"170\">Vereinigte Staaten von Amerika<\/td>\n<td width=\"65\">11096456<\/td>\n<\/tr>\n<tr>\n<td width=\"170\">Vereinigte Staaten von Amerika<\/td>\n<td width=\"65\">11334637<\/td>\n<\/tr>\n<tr>\n<td width=\"170\">Vereinigte Staaten von Amerika<\/td>\n<td width=\"65\">11337030<\/td>\n<\/tr>\n<tr>\n<td width=\"170\">Vereinigte Staaten von Amerika<\/td>\n<td width=\"65\">11393271<\/td>\n<\/tr>\n<tr>\n<td width=\"170\">Vereinigte Staaten von Amerika<\/td>\n<td width=\"65\">11526916<\/td>\n<\/tr>\n<\/tbody>\n<\/table>\n<p><strong>&nbsp;<\/strong><\/p>\n<p><strong>Designpatente<\/strong><\/p>\n<table>\n<tbody>\n<tr>\n<td width=\"160\">International<\/td>\n<td width=\"75\">DM\/095922<\/td>\n<\/tr>\n<tr>\n<td width=\"160\">Japan<\/td>\n<td width=\"75\">DM\/095922<\/td>\n<\/tr>\n<tr>\n<td width=\"160\">Singapur<\/td>\n<td width=\"75\">DM\/095922<\/td>\n<\/tr>\n<tr>\n<td width=\"160\">Vereinigtes K\u00f6nigreich<\/td>\n<td width=\"75\">80959220001000<\/td>\n<\/tr>\n<tr>\n<td width=\"160\">Vereinigtes K\u00f6nigreich<\/td>\n<td width=\"75\">90041416040001<\/td>\n<\/tr>\n<tr>\n<td width=\"160\">Vereinigtes K\u00f6nigreich<\/td>\n<td width=\"75\">90041416040002<\/td>\n<\/tr>\n<tr>\n<td width=\"160\">Vereinigte Staaten von Amerika<\/td>\n<td width=\"75\">D850317<\/td>\n<\/tr>\n<tr>\n<td width=\"160\">Europ\u00e4ische Union<\/td>\n<td width=\"75\">004141604-0001<\/td>\n<\/tr>\n<tr>\n<td width=\"160\">Europ\u00e4ische Union<\/td>\n<td width=\"75\">004141604-0002<\/td>\n<\/tr>\n<tr>\n<td width=\"160\">Europ\u00e4ische Union<\/td>\n<td width=\"75\">DM\/095922<\/td>\n<\/tr>\n<\/tbody>\n<\/table>\n<p>Zus\u00e4tz-lich zu den Patenten in der Lis-te oben ste-hen noch wei-tere Patente aus. Diese Seite dient da-zu, die Vor-schrif-ten \u00fcber verschie-dene Gerichts-st\u00e4nde f\u00fcr die virtu-ellen Patente abzu-decken.<\/p>\n<\/div>\n<\/div>\n<\/section>\n","protected":false},"excerpt":{"rendered":"<p>Patente acces\u00adso Pass\u00adport\u00ae, Qbot\u00ae, Qband\u00ae, Qsmart\u00ae und The Experience Engine\u2122 verlassen sich auf die Tech\u00adnol\u00ado\u00adgie ge-sch\u00fctzt von den fol-genden Patenten in der USA und \u00fcberall: Land Registrierungsnr. Australien 2015270299 China ZL200980145118.0 China ZL201180029000.9 China ZL201380047906.2 China ZL201580029155.0 Frankreich 1769467 Frankreich [&hellip;]<\/p>\n","protected":false},"author":43,"featured_media":0,"parent":0,"menu_order":0,"comment_status":"closed","ping_status":"closed","template":"","meta":{"_acf_changed":false,"inline_featured_image":false,"footnotes":""},"class_list":["post-7369","page","type-page","status-publish","hentry"],"acf":[],"_links":{"self":[{"href":"https:\/\/accesso.com\/de\/wp-json\/wp\/v2\/pages\/7369","targetHints":{"allow":["GET"]}}],"collection":[{"href":"https:\/\/accesso.com\/de\/wp-json\/wp\/v2\/pages"}],"about":[{"href":"https:\/\/accesso.com\/de\/wp-json\/wp\/v2\/types\/page"}],"author":[{"embeddable":true,"href":"https:\/\/accesso.com\/de\/wp-json\/wp\/v2\/users\/43"}],"replies":[{"embeddable":true,"href":"https:\/\/accesso.com\/de\/wp-json\/wp\/v2\/comments?post=7369"}],"version-history":[{"count":1,"href":"https:\/\/accesso.com\/de\/wp-json\/wp\/v2\/pages\/7369\/revisions"}],"predecessor-version":[{"id":11057,"href":"https:\/\/accesso.com\/de\/wp-json\/wp\/v2\/pages\/7369\/revisions\/11057"}],"wp:attachment":[{"href":"https:\/\/accesso.com\/de\/wp-json\/wp\/v2\/media?parent=7369"}],"curies":[{"name":"wp","href":"https:\/\/api.w.org\/{rel}","templated":true}]}}