{"id":6184,"date":"2025-09-26T21:59:38","date_gmt":"2025-09-27T01:59:38","guid":{"rendered":"https:\/\/accessostg.wpenginepowered.com\/patentes\/"},"modified":"2026-03-26T15:40:06","modified_gmt":"2026-03-26T19:40:06","slug":"patentes","status":"publish","type":"page","link":"https:\/\/accesso.com\/es\/patentes\/","title":{"rendered":"Patentes"},"content":{"rendered":"<section class=\"spacer -spacer-m\">\n<div class=\"copy-section-intro -left\">\n<h2 class=\"title\">Patentes<\/h2>\n<div class=\"intro-block\">\n<p><strong>accesso Passport<\/strong>\u00ae, <strong>Qbot\u00ae<\/strong>, <strong>Qband<\/strong>\u00ae, <strong>Qsmart<\/strong>\u00ae y <strong>The Experience Engine\u2122<\/strong> se basan en tecnolog\u00eda protegida por las siguientes patentes en EE. UU. y en otros lugares:<\/p>\n<\/div>\n<\/div>\n<div class=\"copy-section-intro -left\">\n<div class=\"copy-block text\">\n<table>\n<tbody>\n<tr>\n<td nowrap=\"nowrap\" width=\"170\"><strong>Pa\u00eds<\/strong><\/td>\n<td nowrap=\"nowrap\" width=\"65\"><strong>N\u00famero de registro<\/strong><\/td>\n<\/tr>\n<tr>\n<td width=\"170\">Australia<\/td>\n<td width=\"65\">2015270299<\/td>\n<\/tr>\n<tr>\n<td width=\"170\">China<\/td>\n<td width=\"65\">ZL200980145118.0<\/td>\n<\/tr>\n<tr>\n<td width=\"170\">China<\/td>\n<td width=\"65\">ZL201180029000.9<\/td>\n<\/tr>\n<tr>\n<td width=\"170\">China<\/td>\n<td width=\"65\">ZL201380047906.2<\/td>\n<\/tr>\n<tr>\n<td width=\"170\">China<\/td>\n<td width=\"65\">ZL201580029155.0<\/td>\n<\/tr>\n<tr>\n<td width=\"170\">Francia<\/td>\n<td width=\"65\">1769467<\/td>\n<\/tr>\n<tr>\n<td width=\"170\">Francia<\/td>\n<td width=\"65\">2070056<\/td>\n<\/tr>\n<tr>\n<td width=\"170\">Francia<\/td>\n<td width=\"65\">3111403<\/td>\n<\/tr>\n<tr>\n<td width=\"170\">Francia<\/td>\n<td width=\"65\">3289374<\/td>\n<\/tr>\n<tr>\n<td width=\"170\">Alemania<\/td>\n<td width=\"65\">602005042670.1<\/td>\n<\/tr>\n<tr>\n<td width=\"170\">Alemania<\/td>\n<td width=\"65\">602007048583.5<\/td>\n<\/tr>\n<tr>\n<td width=\"170\">Alemania<\/td>\n<td width=\"65\">602015074275.3<\/td>\n<\/tr>\n<tr>\n<td width=\"170\">Alemania<\/td>\n<td width=\"65\">602016047285.6<\/td>\n<\/tr>\n<tr>\n<td width=\"170\">Hong Kong<\/td>\n<td width=\"65\">1163321<\/td>\n<\/tr>\n<tr>\n<td width=\"170\">Jap\u00f3n<\/td>\n<td width=\"65\">5149297<\/td>\n<\/tr>\n<tr>\n<td width=\"170\">Jap\u00f3n<\/td>\n<td width=\"65\">6068522<\/td>\n<\/tr>\n<tr>\n<td width=\"170\">Jap\u00f3n<\/td>\n<td width=\"65\">6726624<\/td>\n<\/tr>\n<tr>\n<td width=\"170\">Malasia<\/td>\n<td width=\"65\">MY-180149-A<\/td>\n<\/tr>\n<tr>\n<td width=\"170\">Malasia<\/td>\n<td width=\"65\">MY-191533-A<\/td>\n<\/tr>\n<tr>\n<td width=\"170\">Pa\u00edses Bajos<\/td>\n<td width=\"65\">1769467<\/td>\n<\/tr>\n<tr>\n<td width=\"170\">Pa\u00edses Bajos<\/td>\n<td width=\"65\">2070056<\/td>\n<\/tr>\n<tr>\n<td width=\"170\">Corea del Sur<\/td>\n<td width=\"65\">10-1655316<\/td>\n<\/tr>\n<tr>\n<td width=\"170\">Corea del Sur<\/td>\n<td width=\"65\">10-2374624<\/td>\n<\/tr>\n<tr>\n<td width=\"170\">Reino Unido<\/td>\n<td width=\"65\">1769467<\/td>\n<\/tr>\n<tr>\n<td width=\"170\">Reino Unido<\/td>\n<td width=\"65\">2070056<\/td>\n<\/tr>\n<tr>\n<td width=\"170\">Reino Unido<\/td>\n<td width=\"65\">2359345<\/td>\n<\/tr>\n<tr>\n<td width=\"170\">Reino Unido<\/td>\n<td width=\"65\">2565317<\/td>\n<\/tr>\n<tr>\n<td width=\"170\">Reino Unido<\/td>\n<td width=\"65\">2569759<\/td>\n<\/tr>\n<tr>\n<td width=\"170\">Reino Unido<\/td>\n<td width=\"65\">3111403<\/td>\n<\/tr>\n<tr>\n<td width=\"170\">Reino Unido<\/td>\n<td width=\"65\">3289374<\/td>\n<\/tr>\n<tr>\n<td width=\"170\">Estados Unidos de Am\u00e9rica<\/td>\n<td width=\"65\">8239231<\/td>\n<\/tr>\n<tr>\n<td width=\"170\">Estados Unidos de Am\u00e9rica<\/td>\n<td width=\"65\">8606605<\/td>\n<\/tr>\n<tr>\n<td width=\"170\">Estados Unidos de Am\u00e9rica<\/td>\n<td width=\"65\">8779889<\/td>\n<\/tr>\n<tr>\n<td width=\"170\">Estados Unidos de Am\u00e9rica<\/td>\n<td width=\"65\">9448085<\/td>\n<\/tr>\n<tr>\n<td width=\"170\">Estados Unidos de Am\u00e9rica<\/td>\n<td width=\"65\">9741022<\/td>\n<\/tr>\n<tr>\n<td width=\"170\">Estados Unidos de Am\u00e9rica<\/td>\n<td width=\"65\">9813855<\/td>\n<\/tr>\n<tr>\n<td width=\"170\">Estados Unidos de Am\u00e9rica<\/td>\n<td width=\"65\">9829339<\/td>\n<\/tr>\n<tr>\n<td width=\"170\">Estados Unidos de Am\u00e9rica<\/td>\n<td width=\"65\">9906909<\/td>\n<\/tr>\n<tr>\n<td width=\"170\">Estados Unidos de Am\u00e9rica<\/td>\n<td width=\"65\">9909896<\/td>\n<\/tr>\n<tr>\n<td width=\"170\">Estados Unidos de Am\u00e9rica<\/td>\n<td width=\"65\">9985699<\/td>\n<\/tr>\n<tr>\n<td width=\"170\">Estados Unidos de Am\u00e9rica<\/td>\n<td width=\"65\">10028091<\/td>\n<\/tr>\n<tr>\n<td width=\"170\">Estados Unidos de Am\u00e9rica<\/td>\n<td width=\"65\">10062234<\/td>\n<\/tr>\n<tr>\n<td width=\"170\">Estados Unidos de Am\u00e9rica<\/td>\n<td width=\"65\">10127744<\/td>\n<\/tr>\n<tr>\n<td width=\"170\">Estados Unidos de Am\u00e9rica<\/td>\n<td width=\"65\">10129728<\/td>\n<\/tr>\n<tr>\n<td width=\"170\">Estados Unidos de Am\u00e9rica<\/td>\n<td width=\"65\">10149103<\/td>\n<\/tr>\n<tr>\n<td width=\"170\">Estados Unidos de Am\u00e9rica<\/td>\n<td width=\"65\">10198699<\/td>\n<\/tr>\n<tr>\n<td width=\"170\">Estados Unidos de Am\u00e9rica<\/td>\n<td width=\"65\">10198717<\/td>\n<\/tr>\n<tr>\n<td width=\"170\">Estados Unidos de Am\u00e9rica<\/td>\n<td width=\"65\">10210542<\/td>\n<\/tr>\n<tr>\n<td width=\"170\">Estados Unidos de Am\u00e9rica<\/td>\n<td width=\"65\">10262311<\/td>\n<\/tr>\n<tr>\n<td width=\"170\">Estados Unidos de Am\u00e9rica<\/td>\n<td width=\"65\">10262318<\/td>\n<\/tr>\n<tr>\n<td width=\"170\">Estados Unidos de Am\u00e9rica<\/td>\n<td width=\"65\">10299070<\/td>\n<\/tr>\n<tr>\n<td width=\"170\">Estados Unidos de Am\u00e9rica<\/td>\n<td width=\"65\">10348368<\/td>\n<\/tr>\n<tr>\n<td width=\"170\">Estados Unidos de Am\u00e9rica<\/td>\n<td width=\"65\">10433106<\/td>\n<\/tr>\n<tr>\n<td width=\"170\">Estados Unidos de Am\u00e9rica<\/td>\n<td width=\"65\">10438141<\/td>\n<\/tr>\n<tr>\n<td width=\"170\">Estados Unidos de Am\u00e9rica<\/td>\n<td width=\"65\">10580011<\/td>\n<\/tr>\n<tr>\n<td width=\"170\">Estados Unidos de Am\u00e9rica<\/td>\n<td width=\"65\">10679207<\/td>\n<\/tr>\n<tr>\n<td width=\"170\">Estados Unidos de Am\u00e9rica<\/td>\n<td width=\"65\">10733544<\/td>\n<\/tr>\n<tr>\n<td width=\"170\">Estados Unidos de Am\u00e9rica<\/td>\n<td width=\"65\">10937074<\/td>\n<\/tr>\n<tr>\n<td width=\"170\">Estados Unidos de Am\u00e9rica<\/td>\n<td width=\"65\">10944448<\/td>\n<\/tr>\n<tr>\n<td width=\"170\">Estados Unidos de Am\u00e9rica<\/td>\n<td width=\"65\">11004058<\/td>\n<\/tr>\n<tr>\n<td width=\"170\">Estados Unidos de Am\u00e9rica<\/td>\n<td width=\"65\">11030266<\/td>\n<\/tr>\n<tr>\n<td width=\"170\">Estados Unidos de Am\u00e9rica<\/td>\n<td width=\"65\">11062288<\/td>\n<\/tr>\n<tr>\n<td width=\"170\">Estados Unidos de Am\u00e9rica<\/td>\n<td width=\"65\">11062375<\/td>\n<\/tr>\n<tr>\n<td width=\"170\">Estados Unidos de Am\u00e9rica<\/td>\n<td width=\"65\">11096456<\/td>\n<\/tr>\n<tr>\n<td width=\"170\">Estados Unidos de Am\u00e9rica<\/td>\n<td width=\"65\">11334637<\/td>\n<\/tr>\n<tr>\n<td width=\"170\">Estados Unidos de Am\u00e9rica<\/td>\n<td width=\"65\">11337030<\/td>\n<\/tr>\n<tr>\n<td width=\"170\">Estados Unidos de Am\u00e9rica<\/td>\n<td width=\"65\">11393271<\/td>\n<\/tr>\n<tr>\n<td width=\"170\">Estados Unidos de Am\u00e9rica<\/td>\n<td width=\"65\">11526916<\/td>\n<\/tr>\n<\/tbody>\n<\/table>\n<p><strong>&nbsp;<\/strong><\/p>\n<p><strong>Patentes de dise\u00f1o<\/strong><\/p>\n<table>\n<tbody>\n<tr>\n<td width=\"160\">Internacional<\/td>\n<td width=\"75\">DM\/095922<\/td>\n<\/tr>\n<tr>\n<td width=\"160\">Jap\u00f3n<\/td>\n<td width=\"75\">DM\/095922<\/td>\n<\/tr>\n<tr>\n<td width=\"160\">Singapur<\/td>\n<td width=\"75\">DM\/095922<\/td>\n<\/tr>\n<tr>\n<td width=\"160\">Reino Unido<\/td>\n<td width=\"75\">80959220001000<\/td>\n<\/tr>\n<tr>\n<td width=\"160\">Reino Unido<\/td>\n<td width=\"75\">90041416040001<\/td>\n<\/tr>\n<tr>\n<td width=\"160\">Reino Unido<\/td>\n<td width=\"75\">90041416040002<\/td>\n<\/tr>\n<tr>\n<td width=\"160\">Estados Unidos de Am\u00e9rica<\/td>\n<td width=\"75\">D850317<\/td>\n<\/tr>\n<tr>\n<td width=\"160\">Uni\u00f3n Europea<\/td>\n<td width=\"75\">004141604-0001<\/td>\n<\/tr>\n<tr>\n<td width=\"160\">Uni\u00f3n Europea<\/td>\n<td width=\"75\">004141604-0002<\/td>\n<\/tr>\n<tr>\n<td width=\"160\">Uni\u00f3n Europea<\/td>\n<td width=\"75\">DM\/095922<\/td>\n<\/tr>\n<\/tbody>\n<\/table>\n<p>Adem\u00e1s de las patentes enumeradas anteriormente, hay otras patentes pendientes. Esta p\u00e1gina se proporciona para satisfacer las disposiciones de marcado de patentes virtuales de varias jurisdicciones.<\/p>\n<\/div>\n<\/div>\n<\/section>\n","protected":false},"excerpt":{"rendered":"<p>Patentes accesso Passport\u00ae, Qbot\u00ae, Qband\u00ae, Qsmart\u00ae y The Experience Engine\u2122 se basan en tecnolog\u00eda protegida por las siguientes patentes en EE. UU. y en otros lugares: Pa\u00eds N\u00famero de registro Australia 2015270299 China ZL200980145118.0 China ZL201180029000.9 China ZL201380047906.2 China ZL201580029155.0 [&hellip;]<\/p>\n","protected":false},"author":43,"featured_media":0,"parent":0,"menu_order":0,"comment_status":"closed","ping_status":"closed","template":"","meta":{"_acf_changed":false,"inline_featured_image":false,"footnotes":""},"class_list":["post-6184","page","type-page","status-publish","hentry"],"acf":[],"_links":{"self":[{"href":"https:\/\/accesso.com\/es\/wp-json\/wp\/v2\/pages\/6184","targetHints":{"allow":["GET"]}}],"collection":[{"href":"https:\/\/accesso.com\/es\/wp-json\/wp\/v2\/pages"}],"about":[{"href":"https:\/\/accesso.com\/es\/wp-json\/wp\/v2\/types\/page"}],"author":[{"embeddable":true,"href":"https:\/\/accesso.com\/es\/wp-json\/wp\/v2\/users\/43"}],"replies":[{"embeddable":true,"href":"https:\/\/accesso.com\/es\/wp-json\/wp\/v2\/comments?post=6184"}],"version-history":[{"count":1,"href":"https:\/\/accesso.com\/es\/wp-json\/wp\/v2\/pages\/6184\/revisions"}],"predecessor-version":[{"id":11061,"href":"https:\/\/accesso.com\/es\/wp-json\/wp\/v2\/pages\/6184\/revisions\/11061"}],"wp:attachment":[{"href":"https:\/\/accesso.com\/es\/wp-json\/wp\/v2\/media?parent=6184"}],"curies":[{"name":"wp","href":"https:\/\/api.w.org\/{rel}","templated":true}]}}